{"id":215516,"date":"2018-05-22T12:58:01","date_gmt":"2018-05-22T09:58:01","guid":{"rendered":"https:\/\/veilisvillas.fi\/?page_id=215516"},"modified":"2026-01-29T16:00:06","modified_gmt":"2026-01-29T14:00:06","slug":"etusivu","status":"publish","type":"page","link":"https:\/\/veilisvillas.fi\/en\/","title":{"rendered":"Cottages in Finland &#8211; North Karelia"},"content":{"rendered":"<p>[et_pb_section bb_built=&#8221;1&#8243; module_class=&#8221;header-box&#8221; _builder_version=&#8221;3.24.1&#8243; background_image=&#8221;https:\/\/veilisvillas.fi\/wp-content\/uploads\/2018\/08\/etukuva.jpg&#8221; background_position=&#8221;top_center&#8221; inner_width_tablet=&#8221;50px&#8221; inner_max_width_tablet=&#8221;50px&#8221; z_index_tablet=&#8221;500&#8243; next_background_color=&#8221;#ffffff&#8221; box_shadow_horizontal_tablet=&#8221;0px&#8221; box_shadow_vertical_tablet=&#8221;0px&#8221; box_shadow_blur_tablet=&#8221;40px&#8221; box_shadow_spread_tablet=&#8221;0px&#8221;][et_pb_row _builder_version=&#8221;3.24.1&#8243; background_size=&#8221;initial&#8221; background_position=&#8221;top_left&#8221; background_repeat=&#8221;repeat&#8221;][et_pb_column type=&#8221;4_4&#8243;][et_pb_text module_class=&#8221;h2-etusivu&#8221; _builder_version=&#8221;3.24.1&#8243; z_index_tablet=&#8221;500&#8243;]<\/p>\n<h2>Relax and enjoy \u2013 we have everything ready for you!<\/h2>\n<p>[\/et_pb_text][\/et_pb_column][\/et_pb_row][et_pb_row module_class=&#8221;row-width-600&#8243; _builder_version=&#8221;3.22.3&#8243; z_index_tablet=&#8221;500&#8243;][et_pb_column type=&#8221;4_4&#8243;][et_pb_text module_class=&#8221;a-button&#8221; _builder_version=&#8221;3.24.1&#8243; z_index_tablet=&#8221;500&#8243;]<\/p>\n<p><a href=\"\/en\/lemminkainen\/\">LEMMINK\u00c4INEN &#8211;<br \/>Tohmaj\u00e4rvi, Finland<\/a><\/p>\n<p>[\/et_pb_text][\/et_pb_column][\/et_pb_row][et_pb_row _builder_version=&#8221;3.22.3&#8243; background_size=&#8221;initial&#8221; background_position=&#8221;top_left&#8221; background_repeat=&#8221;repeat&#8221;][et_pb_column type=&#8221;4_4&#8243;][et_pb_text module_class=&#8221;h1-etusivu&#8221; _builder_version=&#8221;3.24.1&#8243; z_index_tablet=&#8221;500&#8243;]<\/p>\n<h1>High-quality holiday accommodation in the scenic North Karelia, Finland<\/h1>\n<p>[\/et_pb_text][\/et_pb_column][\/et_pb_row][\/et_pb_section][et_pb_section bb_built=&#8221;1&#8243; admin_label=&#8221;Four Step Blurb Module&#8221; custom_padding_last_edited=&#8221;off|phone&#8221; module_class=&#8221;blurb-two-box falkor&#8221; _builder_version=&#8221;3.22.3&#8243; background_color=&#8221;#ffffff&#8221; background_size=&#8221;initial&#8221; collapsed=&#8221;off&#8221; prev_background_color=&#8221;#000000&#8243; next_background_color=&#8221;#000000&#8243;][et_pb_row admin_label=&#8221;Four Step Blurb Module&#8221; use_custom_gutter=&#8221;on&#8221; gutter_width=&#8221;2&#8243; custom_padding_last_edited=&#8221;off|phone&#8221; background_position_1=&#8221;top_left&#8221; background_position_2=&#8221;top_left&#8221; background_position_3=&#8221;top_left&#8221; background_repeat_1=&#8221;no-repeat&#8221; background_repeat_2=&#8221;no-repeat&#8221; background_repeat_3=&#8221;no-repeat&#8221; _builder_version=&#8221;3.22.3&#8243; max_width=&#8221;600px&#8221; use_custom_width=&#8221;on&#8221; custom_width_px=&#8221;600px&#8221; collapsed=&#8221;off&#8221;][et_pb_column type=&#8221;4_4&#8243;][et_pb_blurb admin_label=&#8221;Lemmink\u00e4inen &#8211; Tohmaj\u00e4rvi&#8221; title=&#8221;Lemmink\u00e4inen &#8211; Tohmaj\u00e4rvi&#8221; url=&#8221;\/en\/lemminkainen\/&#8221; image=&#8221;\/wp-content\/uploads\/2019\/01\/veilis-villas-mokki.jpg&#8221; content_max_width=&#8221;100%&#8221; _builder_version=&#8221;3.24.1&#8243; header_level=&#8221;h2&#8243; header_font=&#8221;|700|||||||&#8221; header_text_color=&#8221;#1f2532&#8243; header_font_size=&#8221;20&#8243; body_font=&#8221;Lato||||&#8221; body_text_color=&#8221;#757575&#8243; body_font_size=&#8221;16&#8243; background_color=&#8221;#1f2532&#8243; text_orientation=&#8221;center&#8221; max_width_tablet=&#8221;50px&#8221; custom_margin=&#8221;||0px|&#8221; custom_padding=&#8221;|||&#8221; animation=&#8221;off&#8221; z_index_tablet=&#8221;500&#8243; header_font_size_tablet=&#8221;18&#8243; header_font_size_last_edited=&#8221;on|phone&#8221;]<\/p>\n<p>For an adventurous active holiday or total relaxation \u2013 Lemmink\u00e4inen suits both. A spacious log cabin in a stunningly beautiful location right by the lake Suuri-Onkamo is waiting for you!<\/p>\n<p>[\/et_pb_blurb][et_pb_button admin_label=&#8221;Lue lis\u00e4\u00e4&#8221; button_url=&#8221;#&#8221; button_text=&#8221;Read more&#8221; _builder_version=&#8221;3.24.1&#8243; custom_button=&#8221;on&#8221; button_text_size=&#8221;16&#8243; button_text_color=&#8221;#ffffff&#8221; button_bg_color=&#8221;rgba(0,0,0,0)&#8221; button_border_width=&#8221;0&#8243; button_border_radius=&#8221;0&#8243; button_font=&#8221;Lato||||||||&#8221; button_icon=&#8221;%%3%%&#8221; button_on_hover=&#8221;off&#8221; custom_padding=&#8221;0px|0px|0px|0px&#8221; z_index_tablet=&#8221;500&#8243; custom_css_main_element=&#8221;position: absolute;|| width: 100%;|| text-align: center;|| left: 0;|| bottom: -2vw;|| transform: translate(0,60px);|| opacity: 0;|| transition: 0.3s !important;&#8221; button_border_radius_hover=&#8221;0&#8243; button_text_size__hover_enabled=&#8221;off&#8221; button_text_size__hover=&#8221;null&#8221; button_one_text_size__hover_enabled=&#8221;off&#8221; button_one_text_size__hover=&#8221;null&#8221; button_two_text_size__hover_enabled=&#8221;off&#8221; button_two_text_size__hover=&#8221;null&#8221; button_text_color__hover_enabled=&#8221;off&#8221; button_text_color__hover=&#8221;null&#8221; button_one_text_color__hover_enabled=&#8221;off&#8221; button_one_text_color__hover=&#8221;null&#8221; button_two_text_color__hover_enabled=&#8221;off&#8221; button_two_text_color__hover=&#8221;null&#8221; button_border_width__hover_enabled=&#8221;off&#8221; button_border_width__hover=&#8221;null&#8221; button_one_border_width__hover_enabled=&#8221;off&#8221; button_one_border_width__hover=&#8221;null&#8221; button_two_border_width__hover_enabled=&#8221;off&#8221; button_two_border_width__hover=&#8221;null&#8221; button_border_color__hover_enabled=&#8221;off&#8221; button_border_color__hover=&#8221;null&#8221; button_one_border_color__hover_enabled=&#8221;off&#8221; button_one_border_color__hover=&#8221;null&#8221; button_two_border_color__hover_enabled=&#8221;off&#8221; button_two_border_color__hover=&#8221;null&#8221; button_border_radius__hover_enabled=&#8221;on&#8221; button_border_radius__hover=&#8221;0&#8243; button_one_border_radius__hover_enabled=&#8221;off&#8221; button_one_border_radius__hover=&#8221;null&#8221; button_two_border_radius__hover_enabled=&#8221;off&#8221; button_two_border_radius__hover=&#8221;null&#8221; button_letter_spacing__hover_enabled=&#8221;off&#8221; button_letter_spacing__hover=&#8221;null&#8221; button_one_letter_spacing__hover_enabled=&#8221;off&#8221; button_one_letter_spacing__hover=&#8221;null&#8221; button_two_letter_spacing__hover_enabled=&#8221;off&#8221; button_two_letter_spacing__hover=&#8221;null&#8221; button_bg_color__hover_enabled=&#8221;off&#8221; button_bg_color__hover=&#8221;null&#8221; button_one_bg_color__hover_enabled=&#8221;off&#8221; button_one_bg_color__hover=&#8221;null&#8221; button_two_bg_color__hover_enabled=&#8221;off&#8221; button_two_bg_color__hover=&#8221;null&#8221;]<\/p>\n<p>&nbsp;<\/p>\n<p>[\/et_pb_button][\/et_pb_column][\/et_pb_row][et_pb_row _builder_version=&#8221;3.22.3&#8243; background_size=&#8221;initial&#8221; background_position=&#8221;top_left&#8221; background_repeat=&#8221;repeat&#8221;][et_pb_column type=&#8221;4_4&#8243;][et_pb_code _builder_version=&#8221;3.17.6&#8243;]<script><!-- [et_pb_line_break_holder] -->(function($) {<!-- [et_pb_line_break_holder] -->$('.blurb-two-box .et_pb_column_1_2, .blurb_20_f .et_pb_column_1_2').each(function() {<!-- [et_pb_line_break_holder] -->        $(this).find('.et_pb_button_module_wrapper ').insertAfter($(this).find('.et_pb_blurb_description'));<!-- [et_pb_line_break_holder] -->    });<!-- [et_pb_line_break_holder] -->})(jQuery);<!-- [et_pb_line_break_holder] --><\/script>[\/et_pb_code][\/et_pb_column][\/et_pb_row][\/et_pb_section][et_pb_section bb_built=&#8221;1&#8243; module_class=&#8221;pad-mob-off&#8221; _builder_version=&#8221;3.22.3&#8243; prev_background_color=&#8221;#000000&#8243; next_background_color=&#8221;#000000&#8243;][et_pb_row _builder_version=&#8221;3.22.3&#8243; background_size=&#8221;initial&#8221; background_position=&#8221;top_left&#8221; background_repeat=&#8221;repeat&#8221;][et_pb_column type=&#8221;4_4&#8243;][et_pb_text admin_label=&#8221;Lorem ipsum dolor sit amet&#8221; module_class=&#8221;h2-black&#8221; _builder_version=&#8221;3.24.1&#8243; z_index_tablet=&#8221;500&#8243; text_text_shadow_horizontal_length_tablet=&#8221;0px&#8221; text_text_shadow_vertical_length_tablet=&#8221;0px&#8221; text_text_shadow_blur_strength_tablet=&#8221;1px&#8221; link_text_shadow_horizontal_length_tablet=&#8221;0px&#8221; link_text_shadow_vertical_length_tablet=&#8221;0px&#8221; link_text_shadow_blur_strength_tablet=&#8221;1px&#8221; ul_text_shadow_horizontal_length_tablet=&#8221;0px&#8221; ul_text_shadow_vertical_length_tablet=&#8221;0px&#8221; ul_text_shadow_blur_strength_tablet=&#8221;1px&#8221; ol_text_shadow_horizontal_length_tablet=&#8221;0px&#8221; ol_text_shadow_vertical_length_tablet=&#8221;0px&#8221; ol_text_shadow_blur_strength_tablet=&#8221;1px&#8221; quote_text_shadow_horizontal_length_tablet=&#8221;0px&#8221; quote_text_shadow_vertical_length_tablet=&#8221;0px&#8221; quote_text_shadow_blur_strength_tablet=&#8221;1px&#8221; header_text_shadow_horizontal_length_tablet=&#8221;0px&#8221; header_text_shadow_vertical_length_tablet=&#8221;0px&#8221; header_text_shadow_blur_strength_tablet=&#8221;1px&#8221; header_2_text_shadow_horizontal_length_tablet=&#8221;0px&#8221; header_2_text_shadow_vertical_length_tablet=&#8221;0px&#8221; header_2_text_shadow_blur_strength_tablet=&#8221;1px&#8221; header_3_text_shadow_horizontal_length_tablet=&#8221;0px&#8221; header_3_text_shadow_vertical_length_tablet=&#8221;0px&#8221; header_3_text_shadow_blur_strength_tablet=&#8221;1px&#8221; header_4_text_shadow_horizontal_length_tablet=&#8221;0px&#8221; header_4_text_shadow_vertical_length_tablet=&#8221;0px&#8221; header_4_text_shadow_blur_strength_tablet=&#8221;1px&#8221; header_5_text_shadow_horizontal_length_tablet=&#8221;0px&#8221; header_5_text_shadow_vertical_length_tablet=&#8221;0px&#8221; header_5_text_shadow_blur_strength_tablet=&#8221;1px&#8221; header_6_text_shadow_horizontal_length_tablet=&#8221;0px&#8221; header_6_text_shadow_vertical_length_tablet=&#8221;0px&#8221; header_6_text_shadow_blur_strength_tablet=&#8221;1px&#8221; box_shadow_horizontal_tablet=&#8221;0px&#8221; box_shadow_vertical_tablet=&#8221;0px&#8221; box_shadow_blur_tablet=&#8221;40px&#8221; box_shadow_spread_tablet=&#8221;0px&#8221;]<\/p>\n<h2>Fully-equipped villa for rent<\/h2>\n<p>[\/et_pb_text][et_pb_text module_class=&#8221;align-c&#8221; _builder_version=&#8221;3.24.1&#8243; z_index_tablet=&#8221;500&#8243; text_text_shadow_horizontal_length_tablet=&#8221;0px&#8221; text_text_shadow_vertical_length_tablet=&#8221;0px&#8221; text_text_shadow_blur_strength_tablet=&#8221;1px&#8221; link_text_shadow_horizontal_length_tablet=&#8221;0px&#8221; link_text_shadow_vertical_length_tablet=&#8221;0px&#8221; link_text_shadow_blur_strength_tablet=&#8221;1px&#8221; ul_text_shadow_horizontal_length_tablet=&#8221;0px&#8221; ul_text_shadow_vertical_length_tablet=&#8221;0px&#8221; ul_text_shadow_blur_strength_tablet=&#8221;1px&#8221; ol_text_shadow_horizontal_length_tablet=&#8221;0px&#8221; ol_text_shadow_vertical_length_tablet=&#8221;0px&#8221; ol_text_shadow_blur_strength_tablet=&#8221;1px&#8221; quote_text_shadow_horizontal_length_tablet=&#8221;0px&#8221; quote_text_shadow_vertical_length_tablet=&#8221;0px&#8221; quote_text_shadow_blur_strength_tablet=&#8221;1px&#8221; header_text_shadow_horizontal_length_tablet=&#8221;0px&#8221; header_text_shadow_vertical_length_tablet=&#8221;0px&#8221; header_text_shadow_blur_strength_tablet=&#8221;1px&#8221; header_2_text_shadow_horizontal_length_tablet=&#8221;0px&#8221; header_2_text_shadow_vertical_length_tablet=&#8221;0px&#8221; header_2_text_shadow_blur_strength_tablet=&#8221;1px&#8221; header_3_text_shadow_horizontal_length_tablet=&#8221;0px&#8221; header_3_text_shadow_vertical_length_tablet=&#8221;0px&#8221; header_3_text_shadow_blur_strength_tablet=&#8221;1px&#8221; header_4_text_shadow_horizontal_length_tablet=&#8221;0px&#8221; header_4_text_shadow_vertical_length_tablet=&#8221;0px&#8221; header_4_text_shadow_blur_strength_tablet=&#8221;1px&#8221; header_5_text_shadow_horizontal_length_tablet=&#8221;0px&#8221; header_5_text_shadow_vertical_length_tablet=&#8221;0px&#8221; header_5_text_shadow_blur_strength_tablet=&#8221;1px&#8221; header_6_text_shadow_horizontal_length_tablet=&#8221;0px&#8221; header_6_text_shadow_vertical_length_tablet=&#8221;0px&#8221; header_6_text_shadow_blur_strength_tablet=&#8221;1px&#8221; box_shadow_horizontal_tablet=&#8221;0px&#8221; box_shadow_vertical_tablet=&#8221;0px&#8221; box_shadow_blur_tablet=&#8221;40px&#8221; box_shadow_spread_tablet=&#8221;0px&#8221;]<\/p>\n<p>Our villa Lemmink\u00e4inen is equipped with everything you need for the most comfortable, stress-free time in the peace and quiet of Finnish nature. The interiors have been carefully designed to bring harmony and a touch of luxury to your holiday.<\/p>\n<p>[\/et_pb_text][\/et_pb_column][\/et_pb_row][et_pb_row module_class=&#8221;row-width-600&#8243; _builder_version=&#8221;3.22.3&#8243; z_index_tablet=&#8221;500&#8243;][et_pb_column type=&#8221;4_4&#8243;][et_pb_text admin_label=&#8221;Painike&#8221; module_class=&#8221;a-button&#8221; _builder_version=&#8221;3.22.2&#8243; z_index_tablet=&#8221;500&#8243;]<\/p>\n<p><a href=\"\/en\/lemminkainen\/\">LEMMINK\u00c4INEN <br \/>Villa for rent in Tohmaj\u00e4rvi<\/a><\/p>\n<p>[\/et_pb_text][\/et_pb_column][\/et_pb_row][\/et_pb_section][et_pb_section bb_built=&#8221;1&#8243; module_class=&#8221;pad-mob-off z-index-high&#8221; _builder_version=&#8221;3.22.3&#8243; inner_width_tablet=&#8221;50px&#8221; inner_max_width_tablet=&#8221;50px&#8221; z_index_tablet=&#8221;500&#8243; prev_background_color=&#8221;#000000&#8243;][et_pb_row _builder_version=&#8221;3.22.3&#8243; background_size=&#8221;initial&#8221; background_position=&#8221;top_left&#8221; background_repeat=&#8221;repeat&#8221;][et_pb_column type=&#8221;4_4&#8243;][et_pb_text admin_label=&#8221;Yhteystiedot&#8221; module_class=&#8221;h2-yellow&#8221; _builder_version=&#8221;3.22.2&#8243; z_index_tablet=&#8221;500&#8243;]<\/p>\n<h2>Contact information<\/h2>\n<p>[\/et_pb_text][\/et_pb_column][\/et_pb_row][et_pb_row module_class=&#8221;row-width1&#8243; _builder_version=&#8221;3.22.3&#8243;][et_pb_column type=&#8221;4_4&#8243;][et_pb_image src=&#8221;\/wp-content\/uploads\/2018\/08\/mika-hurskainen.jpg&#8221; align=&#8221;center&#8221; align_tablet=&#8221;center&#8221; align_last_edited=&#8221;on|desktop&#8221; _builder_version=&#8221;3.23&#8243;]<\/p>\n<p>[\/et_pb_image][et_pb_text module_class=&#8221;align-c&#8221; _builder_version=&#8221;3.24.1&#8243; z_index_tablet=&#8221;500&#8243;]<\/p>\n<p>Mika Hurskainen<br \/>mika.hurskainen@veilis.fi<\/p>\n<p>[\/et_pb_text][et_pb_text admin_label=&#8221;puh num&#8221; module_class=&#8221;align-c bigger-p&#8221; _builder_version=&#8221;3.22.2&#8243; z_index_tablet=&#8221;500&#8243;]<\/p>\n<p>tel. +358 400 382382<\/p>\n<p>[\/et_pb_text][et_pb_text admin_label=&#8221;We serve our customers in Finnish and English only.&#8221; module_class=&#8221;align-c&#8221; _builder_version=&#8221;3.24.1&#8243; z_index_tablet=&#8221;500&#8243; text_text_shadow_horizontal_length_tablet=&#8221;0px&#8221; text_text_shadow_vertical_length_tablet=&#8221;0px&#8221; text_text_shadow_blur_strength_tablet=&#8221;1px&#8221; link_text_shadow_horizontal_length_tablet=&#8221;0px&#8221; link_text_shadow_vertical_length_tablet=&#8221;0px&#8221; link_text_shadow_blur_strength_tablet=&#8221;1px&#8221; ul_text_shadow_horizontal_length_tablet=&#8221;0px&#8221; ul_text_shadow_vertical_length_tablet=&#8221;0px&#8221; ul_text_shadow_blur_strength_tablet=&#8221;1px&#8221; ol_text_shadow_horizontal_length_tablet=&#8221;0px&#8221; ol_text_shadow_vertical_length_tablet=&#8221;0px&#8221; ol_text_shadow_blur_strength_tablet=&#8221;1px&#8221; quote_text_shadow_horizontal_length_tablet=&#8221;0px&#8221; quote_text_shadow_vertical_length_tablet=&#8221;0px&#8221; quote_text_shadow_blur_strength_tablet=&#8221;1px&#8221; header_text_shadow_horizontal_length_tablet=&#8221;0px&#8221; header_text_shadow_vertical_length_tablet=&#8221;0px&#8221; header_text_shadow_blur_strength_tablet=&#8221;1px&#8221; header_2_text_shadow_horizontal_length_tablet=&#8221;0px&#8221; header_2_text_shadow_vertical_length_tablet=&#8221;0px&#8221; header_2_text_shadow_blur_strength_tablet=&#8221;1px&#8221; header_3_text_shadow_horizontal_length_tablet=&#8221;0px&#8221; header_3_text_shadow_vertical_length_tablet=&#8221;0px&#8221; header_3_text_shadow_blur_strength_tablet=&#8221;1px&#8221; header_4_text_shadow_horizontal_length_tablet=&#8221;0px&#8221; header_4_text_shadow_vertical_length_tablet=&#8221;0px&#8221; header_4_text_shadow_blur_strength_tablet=&#8221;1px&#8221; header_5_text_shadow_horizontal_length_tablet=&#8221;0px&#8221; header_5_text_shadow_vertical_length_tablet=&#8221;0px&#8221; header_5_text_shadow_blur_strength_tablet=&#8221;1px&#8221; header_6_text_shadow_horizontal_length_tablet=&#8221;0px&#8221; header_6_text_shadow_vertical_length_tablet=&#8221;0px&#8221; header_6_text_shadow_blur_strength_tablet=&#8221;1px&#8221; box_shadow_horizontal_tablet=&#8221;0px&#8221; box_shadow_vertical_tablet=&#8221;0px&#8221; box_shadow_blur_tablet=&#8221;40px&#8221; box_shadow_spread_tablet=&#8221;0px&#8221;]<\/p>\n<p><i>We serve our customers in Finnish and English.<\/i><\/p>\n<p>[\/et_pb_text][et_pb_text admin_label=&#8221;osoitteet&#8221; module_class=&#8221;align-c&#8221; _builder_version=&#8221;3.24.1&#8243; z_index_tablet=&#8221;500&#8243; text_text_shadow_horizontal_length_tablet=&#8221;0px&#8221; text_text_shadow_vertical_length_tablet=&#8221;0px&#8221; text_text_shadow_blur_strength_tablet=&#8221;1px&#8221; link_text_shadow_horizontal_length_tablet=&#8221;0px&#8221; link_text_shadow_vertical_length_tablet=&#8221;0px&#8221; link_text_shadow_blur_strength_tablet=&#8221;1px&#8221; ul_text_shadow_horizontal_length_tablet=&#8221;0px&#8221; ul_text_shadow_vertical_length_tablet=&#8221;0px&#8221; ul_text_shadow_blur_strength_tablet=&#8221;1px&#8221; ol_text_shadow_horizontal_length_tablet=&#8221;0px&#8221; ol_text_shadow_vertical_length_tablet=&#8221;0px&#8221; ol_text_shadow_blur_strength_tablet=&#8221;1px&#8221; quote_text_shadow_horizontal_length_tablet=&#8221;0px&#8221; quote_text_shadow_vertical_length_tablet=&#8221;0px&#8221; quote_text_shadow_blur_strength_tablet=&#8221;1px&#8221; header_text_shadow_horizontal_length_tablet=&#8221;0px&#8221; header_text_shadow_vertical_length_tablet=&#8221;0px&#8221; header_text_shadow_blur_strength_tablet=&#8221;1px&#8221; header_2_text_shadow_horizontal_length_tablet=&#8221;0px&#8221; header_2_text_shadow_vertical_length_tablet=&#8221;0px&#8221; header_2_text_shadow_blur_strength_tablet=&#8221;1px&#8221; header_3_text_shadow_horizontal_length_tablet=&#8221;0px&#8221; header_3_text_shadow_vertical_length_tablet=&#8221;0px&#8221; header_3_text_shadow_blur_strength_tablet=&#8221;1px&#8221; header_4_text_shadow_horizontal_length_tablet=&#8221;0px&#8221; header_4_text_shadow_vertical_length_tablet=&#8221;0px&#8221; header_4_text_shadow_blur_strength_tablet=&#8221;1px&#8221; header_5_text_shadow_horizontal_length_tablet=&#8221;0px&#8221; header_5_text_shadow_vertical_length_tablet=&#8221;0px&#8221; header_5_text_shadow_blur_strength_tablet=&#8221;1px&#8221; header_6_text_shadow_horizontal_length_tablet=&#8221;0px&#8221; header_6_text_shadow_vertical_length_tablet=&#8221;0px&#8221; header_6_text_shadow_blur_strength_tablet=&#8221;1px&#8221; box_shadow_horizontal_tablet=&#8221;0px&#8221; box_shadow_vertical_tablet=&#8221;0px&#8221; box_shadow_blur_tablet=&#8221;40px&#8221; box_shadow_spread_tablet=&#8221;0px&#8221;]<\/p>\n<p>Address of Lemmink\u00e4inen: Kirtsinniementie 133, 82360 Onkamo<\/p>\n<p>[\/et_pb_text][\/et_pb_column][\/et_pb_row][\/et_pb_section]<\/p>\n","protected":false},"excerpt":{"rendered":"<p>[et_pb_section bb_built=&#8221;1&#8243; module_class=&#8221;header-box&#8221; _builder_version=&#8221;3.24.1&#8243; background_image=&#8221;https:\/\/veilisvillas.fi\/wp-content\/uploads\/2018\/08\/etukuva.jpg&#8221; background_position=&#8221;top_center&#8221; inner_width_tablet=&#8221;50px&#8221; inner_max_width_tablet=&#8221;50px&#8221; z_index_tablet=&#8221;500&#8243; next_background_color=&#8221;#ffffff&#8221; box_shadow_horizontal_tablet=&#8221;0px&#8221; box_shadow_vertical_tablet=&#8221;0px&#8221; box_shadow_blur_tablet=&#8221;40px&#8221; box_shadow_spread_tablet=&#8221;0px&#8221;][et_pb_row _builder_version=&#8221;3.24.1&#8243; background_size=&#8221;initial&#8221; background_position=&#8221;top_left&#8221; background_repeat=&#8221;repeat&#8221;][et_pb_column type=&#8221;4_4&#8243;][et_pb_text module_class=&#8221;h2-etusivu&#8221; _builder_version=&#8221;3.24.1&#8243; z_index_tablet=&#8221;500&#8243;] Relax and enjoy \u2013 we have everything ready for you! [\/et_pb_text][\/et_pb_column][\/et_pb_row][et_pb_row module_class=&#8221;row-width-600&#8243; _builder_version=&#8221;3.22.3&#8243; z_index_tablet=&#8221;500&#8243;][et_pb_column type=&#8221;4_4&#8243;][et_pb_text module_class=&#8221;a-button&#8221; _builder_version=&#8221;3.24.1&#8243; z_index_tablet=&#8221;500&#8243;] LEMMINK\u00c4INEN &#8211;Tohmaj\u00e4rvi, Finland [\/et_pb_text][\/et_pb_column][\/et_pb_row][et_pb_row _builder_version=&#8221;3.22.3&#8243; background_size=&#8221;initial&#8221; background_position=&#8221;top_left&#8221; background_repeat=&#8221;repeat&#8221;][et_pb_column type=&#8221;4_4&#8243;][et_pb_text module_class=&#8221;h1-etusivu&#8221; _builder_version=&#8221;3.24.1&#8243; z_index_tablet=&#8221;500&#8243;] High-quality holiday accommodation [&hellip;]<\/p>\n","protected":false},"author":1,"featured_media":0,"parent":0,"menu_order":0,"comment_status":"closed","ping_status":"closed","template":"","meta":{"_et_pb_use_builder":"on","_et_pb_old_content":"","footnotes":""},"_links":{"self":[{"href":"https:\/\/veilisvillas.fi\/en\/wp-json\/wp\/v2\/pages\/215516\/"}],"collection":[{"href":"https:\/\/veilisvillas.fi\/en\/wp-json\/wp\/v2\/pages\/"}],"about":[{"href":"https:\/\/veilisvillas.fi\/en\/wp-json\/wp\/v2\/types\/page\/"}],"author":[{"embeddable":true,"href":"https:\/\/veilisvillas.fi\/en\/wp-json\/wp\/v2\/users\/1\/"}],"replies":[{"embeddable":true,"href":"https:\/\/veilisvillas.fi\/en\/wp-json\/wp\/v2\/comments\/?post=215516"}],"version-history":[{"count":4,"href":"https:\/\/veilisvillas.fi\/en\/wp-json\/wp\/v2\/pages\/215516\/revisions\/"}],"predecessor-version":[{"id":216232,"href":"https:\/\/veilisvillas.fi\/en\/wp-json\/wp\/v2\/pages\/215516\/revisions\/216232\/"}],"wp:attachment":[{"href":"https:\/\/veilisvillas.fi\/en\/wp-json\/wp\/v2\/media\/?parent=215516"}],"curies":[{"name":"wp","href":"https:\/\/api.w.org\/{rel}","templated":true}]}}